{"id":1024,"date":"2022-12-20T15:01:43","date_gmt":"2022-12-20T15:01:43","guid":{"rendered":"https:\/\/gsmgurb.com\/politca-de-cookies\/"},"modified":"2024-01-12T10:34:06","modified_gmt":"2024-01-12T10:34:06","slug":"politca-de-cookies","status":"publish","type":"page","link":"https:\/\/gsmgurb.com\/es\/politca-de-cookies\/","title":{"rendered":"Pol\u00edtca de cookies"},"content":{"rendered":"[vc_row type=\u00bbin_container\u00bb full_screen_row_position=\u00bbmiddle\u00bb column_margin=\u00bbdefault\u00bb column_direction=\u00bbdefault\u00bb column_direction_tablet=\u00bbdefault\u00bb column_direction_phone=\u00bbdefault\u00bb scene_position=\u00bbcenter\u00bb text_color=\u00bbdark\u00bb text_align=\u00bbleft\u00bb row_border_radius=\u00bbnone\u00bb row_border_radius_applies=\u00bbbg\u00bb overflow=\u00bbvisible\u00bb overlay_strength=\u00bb0.3&#8243; gradient_direction=\u00bbleft_to_right\u00bb shape_divider_position=\u00bbbottom\u00bb bg_image_animation=\u00bbnone\u00bb][vc_column column_padding=\u00bbno-extra-padding\u00bb column_padding_tablet=\u00bbinherit\u00bb column_padding_phone=\u00bbinherit\u00bb column_padding_position=\u00bball\u00bb column_element_direction_desktop=\u00bbdefault\u00bb column_element_spacing=\u00bbdefault\u00bb desktop_text_alignment=\u00bbdefault\u00bb tablet_text_alignment=\u00bbdefault\u00bb phone_text_alignment=\u00bbdefault\u00bb background_color_opacity=\u00bb1&#8243; background_hover_color_opacity=\u00bb1&#8243; column_backdrop_filter=\u00bbnone\u00bb column_shadow=\u00bbnone\u00bb column_border_radius=\u00bbnone\u00bb column_link_target=\u00bb_self\u00bb column_position=\u00bbdefault\u00bb gradient_direction=\u00bbleft_to_right\u00bb overlay_strength=\u00bb0.3&#8243; width=\u00bb1\/1&#8243; tablet_width_inherit=\u00bbdefault\u00bb animation_type=\u00bbdefault\u00bb bg_image_animation=\u00bbnone\u00bb border_type=\u00bbsimple\u00bb column_border_width=\u00bbnone\u00bb column_border_style=\u00bbsolid\u00bb][vc_column_text]\r\n<h1 class=\"wp-block-heading\">Pol\u00edtica de cookies<\/h1>\r\n<h2><strong>\u00bfQu\u00e9 son las cookies?<\/strong><\/h2>\r\n<p>Las cookies son peque\u00f1os archivos de datos que se reciben en el terminal desde el sitio web visitado y se utilizan para registrar ciertas interacciones de la navegaci\u00f3n en un sitio web almacenando datos que podr\u00e1n ser actualizados y recuperados. Estos archivos se almacenan en el ordenador del usuario y contienen datos an\u00f3nimos que no son perjudiciales para su equipo. Se utilizan para recordar las preferencias del usuario, como el idioma seleccionado, los datos de acceso o la personalizaci\u00f3n de la p\u00e1gina.<\/p>\r\n<p>Las cookies tambi\u00e9n se pueden utilizar para registrar informaci\u00f3n an\u00f3nima sobre c\u00f3mo un visitante utiliza un sitio. Por ejemplo, desde qu\u00e9 p\u00e1gina web ha accedido o si ha utilizado un banner publicitario para llegar.<\/p>\r\n<h2><strong>\u00bfPor qu\u00e9 GSM utiliza cookies?<\/strong><\/h2>\r\n<p>GSM utiliza las cookies estrictamente necesarias y esenciales para que utilice nuestros sitios web y pueda mover libremente, utilizar \u00e1reas seguras, opciones personalizadas, etc. Adem\u00e1s, nuestra empresa utiliza cookies que recogen datos relativos al an\u00e1lisis de uso de la web. \u00c9stas se utilizan para ayudar a mejorar el servicio al cliente, midiendo el uso y el rendimiento de la p\u00e1gina para optimizarla y personalizarla.<\/p>\r\n<p>Nuestros sitios tambi\u00e9n pueden tener enlaces de redes sociales (como Facebook o Twitter). GSM no controla las cookies utilizadas por estas webs externas. Para m\u00e1s informaci\u00f3n sobre las cookies de las redes sociales u otras webs ajenas, le aconsejamos revisar sus pol\u00edticas de cookies.<\/p>\r\n<h2><strong>\u00bfQu\u00e9 cookies utiliza GSM?<\/strong><\/h2>\r\n<ul>\r\n<li><u>Cookies t\u00e9cnicas<\/u>. Se trata de las cookies necesarias que permiten al usuario navegar por el sitio web y utilizar sus servicios. La p\u00e1gina web no puede funcionar adecuadamente sin estas cookies.<\/li>\r\n<li><u>Cookies estad\u00edsticas<\/u>. Ayudan a comprender c\u00f3mo interact\u00faan los visitantes con la p\u00e1gina web. Proporcionando informaci\u00f3n de forma an\u00f3nima.<\/li>\r\n<li><u>Cookies de personalizaci\u00f3n<\/u>. Almacenan las preferencias del usuario.<\/li>\r\n<li><u>Cookies Publicitarias<\/u>. Re\u00fanen informaci\u00f3n del usuario en el dispositivo para enviar publicidad en base a los temas relevantes que le interesen.<\/li>\r\n<\/ul>\r\n<p>Al acceder al sitio web, el usuario podr\u00e1 prestar o rechazar su consentimiento a instalar las cookies.<\/p>\r\n<p>Concretamente GSM utiliza las siguientes cookies:<\/p>\r\n<table width=\"669\">\r\n<tbody>\r\n<tr>\r\n<td width=\"148\">Cookies de preferencias<\/td>\r\n<td width=\"103\">Dominio<\/td>\r\n<td width=\"58\">Tipos<\/td>\r\n<td width=\"62\">caducidad<\/td>\r\n<td width=\"297\">Descripci\u00f3n<\/td>\r\n<\/tr>\r\n<tr>\r\n<td width=\"148\">VISITOR_INFO1_LIVE<\/td>\r\n<td width=\"103\">.youtube.com<\/td>\r\n<td width=\"58\">Terceros<\/td>\r\n<td width=\"62\">6 meses<\/td>\r\n<td width=\"297\">Esta cookie la configura Youtube para realizar un seguimiento de las preferencias de los usuarios de los v\u00eddeos de Youtube incrustados en los sitios; tambi\u00e9n puede determinar si el visitante del sitio web est\u00e1 utilizando la versi\u00f3n nueva o antigua de la interfaz de Youtube<\/td>\r\n<\/tr>\r\n<tr>\r\n<td width=\"148\">\r\n<p>YSC<\/p>\r\n<p>&nbsp;<\/p>\r\n<\/td>\r\n<td width=\"103\">.youtube.com<\/td>\r\n<td width=\"58\">Terceros<\/td>\r\n<td width=\"62\">Sesi\u00f3n<\/td>\r\n<td width=\"297\">\r\n<p>Esta cookie la configura YouTube para realizar un seguimiento de las visualizaciones de los v\u00eddeos incrustados.<\/p>\r\n<p>&nbsp;<\/p>\r\n<\/td>\r\n<\/tr>\r\n<\/tbody>\r\n<\/table>\r\n<p>&nbsp;<\/p>\r\n<table width=\"669\">\r\n<tbody>\r\n<tr>\r\n<td width=\"148\">Cookies de funcionalidad<\/td>\r\n<td width=\"103\">Dominio<\/td>\r\n<td width=\"58\">Tipos<\/td>\r\n<td width=\"63\">caducidad<\/td>\r\n<td width=\"297\">Descripci\u00f3n<\/td>\r\n<\/tr>\r\n<tr>\r\n<td width=\"148\">\r\n<p>wp-wpml_current_language<\/p>\r\n<p>&nbsp;<\/p>\r\n<\/td>\r\n<td width=\"103\">gsmgurb.com<\/td>\r\n<td width=\"58\">Sesi\u00f3n propia<\/td>\r\n<td width=\"63\">Sesi\u00f3n<\/td>\r\n<td width=\"297\">\r\n<p>Almacena el idioma actual. De forma predeterminada, esta cookie s\u00f3lo se establece para los usuarios que han iniciado sesi\u00f3n. Si activa la cookie de idioma para admitir el filtrado AJAX, esta cookie tambi\u00e9n se establecer\u00e1 para los usuarios que no hayan iniciado sesi\u00f3n.<\/p>\r\n<p>&nbsp;<\/p>\r\n<\/td>\r\n<\/tr>\r\n<\/tbody>\r\n<\/table>\r\n<p>&nbsp;<\/p>\r\n<table width=\"669\">\r\n<tbody>\r\n<tr>\r\n<td width=\"148\">Cookies no clasificadas<\/td>\r\n<td width=\"103\">Dominio<\/td>\r\n<td width=\"58\">Tipos<\/td>\r\n<td width=\"63\">caducidad<\/td>\r\n<td width=\"297\">Descripci\u00f3n<\/td>\r\n<\/tr>\r\n<tr>\r\n<td width=\"148\">\r\n<p>cookies-consentimiento<\/p>\r\n<p>&nbsp;<\/p>\r\n<\/td>\r\n<td width=\"103\">gsmgurb.com<\/td>\r\n<td width=\"58\">Sesi\u00f3n propia<\/td>\r\n<td width=\"63\">1 a\u00f1o<\/td>\r\n<td width=\"297\">\u00a0<\/td>\r\n<\/tr>\r\n<\/tbody>\r\n<\/table>\r\n<h2><strong>\u00bfC\u00f3mo puedo cambiar la configuraci\u00f3n de cookies?<\/strong><\/h2>\r\n<p>En cualquier momento se podr\u00e1 configurar el uso de las cookies a trav\u00e9s del propio sitio web.<\/p>\r\n<p>Tambi\u00e9n ser\u00e1 posible en todo momento, deshabilitar o eliminar las cookies ya instaladas a trav\u00e9s de la configuraci\u00f3n del navegador. A continuaci\u00f3n, le facilitamos el acceso a p\u00e1ginas informativas de los principales navegadores de internet para la configuraci\u00f3n de cookies.<\/p>\r\n<p><u>Configuraci\u00f3n de cookies de Internet <a href=\"https:\/\/support.microsoft.com\/es-es\/windows\/eliminar-y-administrar-cookies-168dab11-0753-043d-7c16-ede5947fc64d\">Explorer<\/a><\/u><\/p>\r\n<p><u>Configuraci\u00f3n de cookies de <a href=\"https:\/\/support.mozilla.org\/es\/kb\/habilitar-y-deshabilitar-cookies-sitios-web-rastrear-preferencias?redirectlocale=es&amp;redirectslug =habilitar-y-deshabilitar-cookies-que-los-sitios-we\">Firefox<\/a><\/u><\/p>\r\n<p><u>Configuraci\u00f3n de cookies de <a href=\"https:\/\/support.google.com\/chrome\/answer\/95647?hl=es\">Google Chrome<\/a><\/u><\/p>\r\n<p><u>Configuraci\u00f3n de cookies de <a href=\"https:\/\/support.apple.com\/es-es\/HT201265\">Safari<\/a><\/u><\/p>\r\n<h2><strong>Revocaci\u00f3n del consentimiento<\/strong><\/h2>\r\n<p>Tambi\u00e9n es posible limitar c\u00f3mo las webs de terceros instalan cookies en su ordenador, para evitar la recolecci\u00f3n de datos y el registro de su actividad de navegaci\u00f3n. Para limitar el uso de cookies de terceros puede dirigirse a la web de configuraci\u00f3n u OptOut:<\/p>\r\n<ul>\r\n<li>Google Analytics<\/li>\r\n<li>DoubleClick<\/li>\r\n<li>Google<\/li>\r\n<li>Flash Cookies<\/li>\r\n<li>YouTube<\/li>\r\n<\/ul>\r\n<p>Seleccione la opci\u00f3n \u201cEliminar todos los sitios\u201d o seleccione la web espec\u00edfica que desea eliminar y \u201cEliminar sitio web\u201d.<\/p>\r\n<p>Tenga en cuenta que si rechaza o borra las cookies de navegaci\u00f3n por la web de la empresa, no podremos mantener sus preferencias, algunas caracter\u00edsticas de las p\u00e1ginas no estar\u00e1n operativas, no podremos ofrecerle servicios personalizados y cada vez que quiera navegar por nuestra web tendremos que volver a solicitar su autorizaci\u00f3n para el uso de cookies.<\/p>\r\n<p>Si, sin embargo, decide modificar la configuraci\u00f3n de su acceso a la p\u00e1gina web, debe saber que es posible eliminar las cookies o impedir que se registre esta informaci\u00f3n en su equipo en cualquier momento mediante la modificaci\u00f3n de los par\u00e1metros de configuraci\u00f3n de su navegador.<\/p>\r\n<h2><strong>\u00bfLos datos recogidos en las cookies se utilizan en webs diferentes de GSM?<\/strong><\/h2>\r\n<p>Algunas de nuestras cookies se utilizan para generar publicidad en redes de terceros o para realizar anal\u00edticas para las que utilizamos herramientas externas a GSM. Las cookies utilizadas son para uso exclusivo de la empresa y su grupo de empresas, que en ning\u00fan caso comercializan con \u00e9stas.<\/p>\r\n<p>En GSM trabajamos con proveedores de confianza que nos ayudan en la gesti\u00f3n y personalizaci\u00f3n de nuestras p\u00e1ginas web.<\/p>\r\n<h2><strong>Entonces, \u00bfqu\u00e9 significa la informaci\u00f3n anterior?<\/strong><\/h2>\r\n<p>Si acepta nuestras cookies, nos permite la mejora de las webs de GSM para ofrecerle un acceso \u00f3ptimo y darle un servicio m\u00e1s eficaz y personalizado. Adem\u00e1s, puede configurar su navegador para establecer que s\u00f3lo los sitios web de confianza o las p\u00e1ginas por las que navega en ese momento puedan gestionar cookies, lo que le permite seleccionar sus preferencias. Al proporcionar esta pol\u00edtica, GSM demuestra el compromiso adquirido con la legislaci\u00f3n vigente sobre el uso de cookies, y le ofrece informaci\u00f3n para que usted pueda comprender qu\u00e9 tipo de cookies utilizamos y por qu\u00e9 lo hacemos. Con ello pretendemos proporcionar transparencia en cuanto a los datos tratados sobre la navegaci\u00f3n realizada desde su equipo en nuestra web. Esta pol\u00edtica se revisa peri\u00f3dicamente para asegurar su vigencia, por lo que puede ser modificada. Le recomendamos que visite la p\u00e1gina con regularidad, ya que le haremos saber cualquier actualizaci\u00f3n en este sentido.<\/p>\r\n[\/vc_column_text][\/vc_column][\/vc_row]","protected":false},"excerpt":{"rendered":"<p>[vc_row type=\u00bbin_container\u00bb full_screen_row_position=\u00bbmiddle\u00bb column_margin=\u00bbdefault\u00bb column_direction=\u00bbdefault\u00bb column_direction_tablet=\u00bbdefault\u00bb column_direction_phone=\u00bbdefault\u00bb scene_position=\u00bbcenter\u00bb text_color=\u00bbdark\u00bb text_align=\u00bbleft\u00bb row_border_radius=\u00bbnone\u00bb row_border_radius_applies=\u00bbbg\u00bb overflow=\u00bbvisible\u00bb overlay_strength=\u00bb0.3&#8243; gradient_direction=\u00bbleft_to_right\u00bb shape_divider_position=\u00bbbottom\u00bb bg_image_animation=\u00bbnone\u00bb][vc_column column_padding=\u00bbno-extra-padding\u00bb column_padding_tablet=\u00bbinherit\u00bb column_padding_phone=\u00bbinherit\u00bb column_padding_position=\u00bball\u00bb column_element_direction_desktop=\u00bbdefault\u00bb column_element_spacing=\u00bbdefault\u00bb desktop_text_alignment=\u00bbdefault\u00bb tablet_text_alignment=\u00bbdefault\u00bb phone_text_alignment=\u00bbdefault\u00bb background_color_opacity=\u00bb1&#8243; background_hover_color_opacity=\u00bb1&#8243; column_backdrop_filter=\u00bbnone\u00bb column_shadow=\u00bbnone\u00bb&#8230;<\/p>\n","protected":false},"author":1,"featured_media":0,"parent":0,"menu_order":0,"comment_status":"closed","ping_status":"closed","template":"","meta":{"footnotes":""},"class_list":["post-1024","page","type-page","status-publish"],"yoast_head":"<!-- This site is optimized with the Yoast SEO plugin v20.2 - https:\/\/yoast.com\/wordpress\/plugins\/seo\/ -->\n<title>Pol\u00edtca de cookies - GSM Gurb<\/title>\n<meta name=\"robots\" content=\"index, follow, max-snippet:-1, max-image-preview:large, max-video-preview:-1\" \/>\n<link rel=\"canonical\" href=\"https:\/\/gsmgurb.com\/es\/politca-de-cookies\/\" \/>\n<meta property=\"og:locale\" content=\"es_ES\" \/>\n<meta property=\"og:type\" content=\"article\" \/>\n<meta property=\"og:title\" content=\"Pol\u00edtca de cookies - GSM Gurb\" \/>\n<meta property=\"og:description\" content=\"[vc_row type=\u00bbin_container\u00bb full_screen_row_position=\u00bbmiddle\u00bb column_margin=\u00bbdefault\u00bb column_direction=\u00bbdefault\u00bb column_direction_tablet=\u00bbdefault\u00bb column_direction_phone=\u00bbdefault\u00bb scene_position=\u00bbcenter\u00bb text_color=\u00bbdark\u00bb text_align=\u00bbleft\u00bb row_border_radius=\u00bbnone\u00bb row_border_radius_applies=\u00bbbg\u00bb overflow=\u00bbvisible\u00bb overlay_strength=\u00bb0.3&#8243; gradient_direction=\u00bbleft_to_right\u00bb shape_divider_position=\u00bbbottom\u00bb bg_image_animation=\u00bbnone\u00bb][vc_column column_padding=\u00bbno-extra-padding\u00bb column_padding_tablet=\u00bbinherit\u00bb column_padding_phone=\u00bbinherit\u00bb column_padding_position=\u00bball\u00bb column_element_direction_desktop=\u00bbdefault\u00bb column_element_spacing=\u00bbdefault\u00bb desktop_text_alignment=\u00bbdefault\u00bb tablet_text_alignment=\u00bbdefault\u00bb phone_text_alignment=\u00bbdefault\u00bb background_color_opacity=\u00bb1&#8243; background_hover_color_opacity=\u00bb1&#8243; column_backdrop_filter=\u00bbnone\u00bb column_shadow=\u00bbnone\u00bb...\" \/>\n<meta property=\"og:url\" content=\"https:\/\/gsmgurb.com\/es\/politca-de-cookies\/\" \/>\n<meta property=\"og:site_name\" content=\"GSM Gurb\" \/>\n<meta property=\"article:modified_time\" content=\"2024-01-12T10:34:06+00:00\" \/>\n<meta name=\"twitter:card\" content=\"summary_large_image\" \/>\n<meta name=\"twitter:label1\" content=\"Tiempo de lectura\" \/>\n\t<meta name=\"twitter:data1\" content=\"6 minutos\" \/>\n<script type=\"application\/ld+json\" class=\"yoast-schema-graph\">{\"@context\":\"https:\/\/schema.org\",\"@graph\":[{\"@type\":\"WebPage\",\"@id\":\"https:\/\/gsmgurb.com\/es\/politca-de-cookies\/\",\"url\":\"https:\/\/gsmgurb.com\/es\/politca-de-cookies\/\",\"name\":\"Pol\u00edtca de cookies - GSM Gurb\",\"isPartOf\":{\"@id\":\"https:\/\/gsmgurb.com\/#website\"},\"datePublished\":\"2022-12-20T15:01:43+00:00\",\"dateModified\":\"2024-01-12T10:34:06+00:00\",\"breadcrumb\":{\"@id\":\"https:\/\/gsmgurb.com\/es\/politca-de-cookies\/#breadcrumb\"},\"inLanguage\":\"es\",\"potentialAction\":[{\"@type\":\"ReadAction\",\"target\":[\"https:\/\/gsmgurb.com\/es\/politca-de-cookies\/\"]}]},{\"@type\":\"BreadcrumbList\",\"@id\":\"https:\/\/gsmgurb.com\/es\/politca-de-cookies\/#breadcrumb\",\"itemListElement\":[{\"@type\":\"ListItem\",\"position\":1,\"name\":\"Inici\",\"item\":\"https:\/\/gsmgurb.com\/es\/\"},{\"@type\":\"ListItem\",\"position\":2,\"name\":\"Pol\u00edtca de cookies\"}]},{\"@type\":\"WebSite\",\"@id\":\"https:\/\/gsmgurb.com\/#website\",\"url\":\"https:\/\/gsmgurb.com\/\",\"name\":\"GSM Gurb\",\"description\":\"Bandes transportadores. Subministraments.\",\"potentialAction\":[{\"@type\":\"SearchAction\",\"target\":{\"@type\":\"EntryPoint\",\"urlTemplate\":\"https:\/\/gsmgurb.com\/?s={search_term_string}\"},\"query-input\":\"required name=search_term_string\"}],\"inLanguage\":\"es\"}]}<\/script>\n<!-- \/ Yoast SEO plugin. -->","yoast_head_json":{"title":"Pol\u00edtca de cookies - GSM Gurb","robots":{"index":"index","follow":"follow","max-snippet":"max-snippet:-1","max-image-preview":"max-image-preview:large","max-video-preview":"max-video-preview:-1"},"canonical":"https:\/\/gsmgurb.com\/es\/politca-de-cookies\/","og_locale":"es_ES","og_type":"article","og_title":"Pol\u00edtca de cookies - GSM Gurb","og_description":"[vc_row type=\u00bbin_container\u00bb full_screen_row_position=\u00bbmiddle\u00bb column_margin=\u00bbdefault\u00bb column_direction=\u00bbdefault\u00bb column_direction_tablet=\u00bbdefault\u00bb column_direction_phone=\u00bbdefault\u00bb scene_position=\u00bbcenter\u00bb text_color=\u00bbdark\u00bb text_align=\u00bbleft\u00bb row_border_radius=\u00bbnone\u00bb row_border_radius_applies=\u00bbbg\u00bb overflow=\u00bbvisible\u00bb overlay_strength=\u00bb0.3&#8243; gradient_direction=\u00bbleft_to_right\u00bb shape_divider_position=\u00bbbottom\u00bb bg_image_animation=\u00bbnone\u00bb][vc_column column_padding=\u00bbno-extra-padding\u00bb column_padding_tablet=\u00bbinherit\u00bb column_padding_phone=\u00bbinherit\u00bb column_padding_position=\u00bball\u00bb column_element_direction_desktop=\u00bbdefault\u00bb column_element_spacing=\u00bbdefault\u00bb desktop_text_alignment=\u00bbdefault\u00bb tablet_text_alignment=\u00bbdefault\u00bb phone_text_alignment=\u00bbdefault\u00bb background_color_opacity=\u00bb1&#8243; background_hover_color_opacity=\u00bb1&#8243; column_backdrop_filter=\u00bbnone\u00bb column_shadow=\u00bbnone\u00bb...","og_url":"https:\/\/gsmgurb.com\/es\/politca-de-cookies\/","og_site_name":"GSM Gurb","article_modified_time":"2024-01-12T10:34:06+00:00","twitter_card":"summary_large_image","twitter_misc":{"Tiempo de lectura":"6 minutos"},"schema":{"@context":"https:\/\/schema.org","@graph":[{"@type":"WebPage","@id":"https:\/\/gsmgurb.com\/es\/politca-de-cookies\/","url":"https:\/\/gsmgurb.com\/es\/politca-de-cookies\/","name":"Pol\u00edtca de cookies - GSM Gurb","isPartOf":{"@id":"https:\/\/gsmgurb.com\/#website"},"datePublished":"2022-12-20T15:01:43+00:00","dateModified":"2024-01-12T10:34:06+00:00","breadcrumb":{"@id":"https:\/\/gsmgurb.com\/es\/politca-de-cookies\/#breadcrumb"},"inLanguage":"es","potentialAction":[{"@type":"ReadAction","target":["https:\/\/gsmgurb.com\/es\/politca-de-cookies\/"]}]},{"@type":"BreadcrumbList","@id":"https:\/\/gsmgurb.com\/es\/politca-de-cookies\/#breadcrumb","itemListElement":[{"@type":"ListItem","position":1,"name":"Inici","item":"https:\/\/gsmgurb.com\/es\/"},{"@type":"ListItem","position":2,"name":"Pol\u00edtca de cookies"}]},{"@type":"WebSite","@id":"https:\/\/gsmgurb.com\/#website","url":"https:\/\/gsmgurb.com\/","name":"GSM Gurb","description":"Bandes transportadores. Subministraments.","potentialAction":[{"@type":"SearchAction","target":{"@type":"EntryPoint","urlTemplate":"https:\/\/gsmgurb.com\/?s={search_term_string}"},"query-input":"required name=search_term_string"}],"inLanguage":"es"}]}},"_links":{"self":[{"href":"https:\/\/gsmgurb.com\/es\/wp-json\/wp\/v2\/pages\/1024","targetHints":{"allow":["GET"]}}],"collection":[{"href":"https:\/\/gsmgurb.com\/es\/wp-json\/wp\/v2\/pages"}],"about":[{"href":"https:\/\/gsmgurb.com\/es\/wp-json\/wp\/v2\/types\/page"}],"author":[{"embeddable":true,"href":"https:\/\/gsmgurb.com\/es\/wp-json\/wp\/v2\/users\/1"}],"replies":[{"embeddable":true,"href":"https:\/\/gsmgurb.com\/es\/wp-json\/wp\/v2\/comments?post=1024"}],"version-history":[{"count":2,"href":"https:\/\/gsmgurb.com\/es\/wp-json\/wp\/v2\/pages\/1024\/revisions"}],"predecessor-version":[{"id":1097,"href":"https:\/\/gsmgurb.com\/es\/wp-json\/wp\/v2\/pages\/1024\/revisions\/1097"}],"wp:attachment":[{"href":"https:\/\/gsmgurb.com\/es\/wp-json\/wp\/v2\/media?parent=1024"}],"curies":[{"name":"wp","href":"https:\/\/api.w.org\/{rel}","templated":true}]}}